{"id":58,"date":"2023-10-21T19:32:51","date_gmt":"2023-10-21T17:32:51","guid":{"rendered":"http:\/\/solidarnosc-tuchola.pl\/?page_id=58"},"modified":"2023-10-21T19:38:49","modified_gmt":"2023-10-21T17:38:49","slug":"hydrotor-s-a","status":"publish","type":"page","link":"http:\/\/solidarnosc-tuchola.pl\/index.php\/hydrotor-s-a\/","title":{"rendered":"HYDROTOR S.A."},"content":{"rendered":"\t\t<div data-elementor-type=\"wp-page\" data-elementor-id=\"58\" class=\"elementor elementor-58\">\n\t\t\t\t\t\t\t\t\t<section class=\"elementor-section elementor-top-section elementor-element elementor-element-2a16876 elementor-section-boxed elementor-section-height-default elementor-section-height-default\" data-id=\"2a16876\" data-element_type=\"section\">\n\t\t\t\t\t\t<div class=\"elementor-container elementor-column-gap-default\">\n\t\t\t\t\t<div class=\"elementor-column elementor-col-100 elementor-top-column elementor-element elementor-element-5af0017\" data-id=\"5af0017\" data-element_type=\"column\">\n\t\t\t<div class=\"elementor-widget-wrap elementor-element-populated\">\n\t\t\t\t\t\t\t\t<div class=\"elementor-element elementor-element-9b440d2 elementor-widget elementor-widget-text-editor\" data-id=\"9b440d2\" data-element_type=\"widget\" data-widget_type=\"text-editor.default\">\n\t\t\t\t<div class=\"elementor-widget-container\">\n\t\t\t<style>\/*! elementor - v3.12.1 - 02-04-2023 *\/\n.elementor-widget-text-editor.elementor-drop-cap-view-stacked .elementor-drop-cap{background-color:#69727d;color:#fff}.elementor-widget-text-editor.elementor-drop-cap-view-framed .elementor-drop-cap{color:#69727d;border:3px solid;background-color:transparent}.elementor-widget-text-editor:not(.elementor-drop-cap-view-default) .elementor-drop-cap{margin-top:8px}.elementor-widget-text-editor:not(.elementor-drop-cap-view-default) .elementor-drop-cap-letter{width:1em;height:1em}.elementor-widget-text-editor .elementor-drop-cap{float:left;text-align:center;line-height:1;font-size:50px}.elementor-widget-text-editor .elementor-drop-cap-letter{display:inline-block}<\/style>\t\t\t\t<p align=\"center\"><strong>KOMISJA ZAK\u0141ADOWA NSZZ \u201eSOLIDARNO\u015a\u0106\u201dPRZEDSI\u0118BIORSTWA HYDRAULIKI SI\u0141OWEJHYDROTOR S.A.<\/strong><\/p><p align=\"center\"><strong>ul. Chojnicka 72, 89-500 Tuchola<\/strong><\/p><table border=\"1\" cellspacing=\"0\" cellpadding=\"0\"><tbody><tr><td><strong>Andrzej Szreiber <\/strong><\/td><td>\u00a0 Przewodnicz\u0105cy<\/td><\/tr><tr><td><strong>Mieczys\u0142aw Zwoli\u0144ski<\/strong><\/td><td>\u00a0 Z-ca<\/td><\/tr><tr><td><strong>Tadeusz G\u0142\u00f3wczewski<\/strong><\/td><td>\u00a0 Z-ca<\/td><\/tr><tr><td><strong>Andrzej Kruk<\/strong><\/td><td>\u00a0 Sekretarz<\/td><\/tr><tr><td><strong>Wies\u0142aw Ligman<\/strong><\/td><td>\u00a0 Skarbnik<\/td><\/tr><tr><td><strong>Janusz Kibic<\/strong><\/td><td>\u00a0 Cz\u0142onek<\/td><\/tr><tr><td><strong>Janusz Mindykowski<\/strong><\/td><td>\u00a0 Cz\u0142onek<\/td><\/tr><tr><td><strong>Andrzej Skoda<\/strong><\/td><td>\u00a0 Cz\u0142onek<\/td><\/tr><tr><td><strong>Boles\u0142aw \u015awiergocki<\/strong><\/td><td>\u00a0 Delegat do Regionu<\/td><\/tr><\/tbody><\/table>\t\t\t\t\t\t<\/div>\n\t\t\t\t<\/div>\n\t\t\t\t\t<\/div>\n\t\t<\/div>\n\t\t\t\t\t\t\t<\/div>\n\t\t<\/section>\n\t\t\t\t\t\t\t<\/div>\n\t\t","protected":false},"excerpt":{"rendered":"<p>KOMISJA ZAK\u0141ADOWA NSZZ \u201eSOLIDARNO\u015a\u0106\u201dPRZEDSI\u0118BIORSTWA HYDRAULIKI SI\u0141OWEJHYDROTOR S.A. ul. Chojnicka 72, 89-500 Tuchola Andrzej Szreiber \u00a0 Przewodnicz\u0105cy Mieczys\u0142aw Zwoli\u0144ski \u00a0 Z-ca Tadeusz G\u0142\u00f3wczewski \u00a0 Z-ca Andrzej Kruk \u00a0 Sekretarz Wies\u0142aw Ligman \u00a0 Skarbnik Janusz Kibic \u00a0 Cz\u0142onek Janusz Mindykowski \u00a0 Cz\u0142onek Andrzej Skoda \u00a0 Cz\u0142onek Boles\u0142aw \u015awiergocki \u00a0 Delegat do Regionu<\/p>\n","protected":false},"author":1,"featured_media":0,"parent":0,"menu_order":0,"comment_status":"closed","ping_status":"closed","template":"","meta":{"footnotes":""},"class_list":["post-58","page","type-page","status-publish","hentry"],"_links":{"self":[{"href":"http:\/\/solidarnosc-tuchola.pl\/index.php\/wp-json\/wp\/v2\/pages\/58","targetHints":{"allow":["GET"]}}],"collection":[{"href":"http:\/\/solidarnosc-tuchola.pl\/index.php\/wp-json\/wp\/v2\/pages"}],"about":[{"href":"http:\/\/solidarnosc-tuchola.pl\/index.php\/wp-json\/wp\/v2\/types\/page"}],"author":[{"embeddable":true,"href":"http:\/\/solidarnosc-tuchola.pl\/index.php\/wp-json\/wp\/v2\/users\/1"}],"replies":[{"embeddable":true,"href":"http:\/\/solidarnosc-tuchola.pl\/index.php\/wp-json\/wp\/v2\/comments?post=58"}],"version-history":[{"count":10,"href":"http:\/\/solidarnosc-tuchola.pl\/index.php\/wp-json\/wp\/v2\/pages\/58\/revisions"}],"predecessor-version":[{"id":68,"href":"http:\/\/solidarnosc-tuchola.pl\/index.php\/wp-json\/wp\/v2\/pages\/58\/revisions\/68"}],"wp:attachment":[{"href":"http:\/\/solidarnosc-tuchola.pl\/index.php\/wp-json\/wp\/v2\/media?parent=58"}],"curies":[{"name":"wp","href":"https:\/\/api.w.org\/{rel}","templated":true}]}}